{"id":154,"date":"2024-09-02T13:09:05","date_gmt":"2024-09-02T11:09:05","guid":{"rendered":"https:\/\/sciencelab.radom.pl\/?page_id=154"},"modified":"2025-09-10T02:05:28","modified_gmt":"2025-09-10T00:05:28","slug":"oferta-akademia-sciencelab","status":"publish","type":"page","link":"https:\/\/sciencelab.radom.pl\/?page_id=154","title":{"rendered":"Oferta: Akademia ScienceLab"},"content":{"rendered":"\n<div style=\"height:53px\" aria-hidden=\"true\" class=\"wp-block-spacer\"><\/div>\n\n\n\n<div class=\"wp-block-columns is-layout-flex wp-container-core-columns-is-layout-28f84493 wp-block-columns-is-layout-flex\">\n<div class=\"wp-block-column is-layout-flow wp-block-column-is-layout-flow\" style=\"flex-basis:66.66%\">\n<p style=\"margin-top:var(--wp--preset--spacing--20);margin-right:var(--wp--preset--spacing--40);margin-bottom:var(--wp--preset--spacing--20);margin-left:var(--wp--preset--spacing--40)\">Akademia ScienceLab Przedszkolaka to roczny cykl warsztat\u00f3w skierowany do przedszkoli, kt\u00f3re zostan\u0105 obj\u0119te innowacyjnym programem Akademii ScienceLab.<br><br>Proponujemy cykl 5 zaj\u0119\u0107 w odst\u0119pach dwumiesi\u0119cznych.\u00a0 Akademia 1, 2, 3.<\/p>\n\n\n\n<div class=\"wp-block-columns is-layout-flex wp-container-core-columns-is-layout-28f84493 wp-block-columns-is-layout-flex\">\n<div class=\"wp-block-column is-layout-flow wp-block-column-is-layout-flow\" style=\"border-width:1px;border-radius:14px;padding-top:var(--wp--preset--spacing--20);padding-right:var(--wp--preset--spacing--20);padding-bottom:var(--wp--preset--spacing--20);padding-left:var(--wp--preset--spacing--20)\">\n<p class=\"has-text-align-center\"><strong>Akademia 1:<\/strong><\/p>\n\n\n\n<ul class=\"wp-block-list\">\n<li>Barwny \u015bwiat nauki<\/li>\n\n\n\n<li>Laboratorium kosmetyczne<\/li>\n\n\n\n<li>Spacer w chmurach<\/li>\n\n\n\n<li>Kuchnia molekularna<\/li>\n\n\n\n<li>Fizyczne zagadki \u015bwiata.<\/li>\n<\/ul>\n<\/div>\n\n\n\n<div class=\"wp-block-column is-layout-flow wp-block-column-is-layout-flow\" style=\"border-width:1px;border-radius:14px;padding-top:var(--wp--preset--spacing--20);padding-right:var(--wp--preset--spacing--20);padding-bottom:var(--wp--preset--spacing--20);padding-left:var(--wp--preset--spacing--20)\">\n<p class=\"has-text-align-center\"><strong>Akademia 2:<\/strong><\/p>\n\n\n\n<ul class=\"wp-block-list\">\n<li>Ma\u0142y archeolog na tropie dinozaur\u00f3w<\/li>\n\n\n\n<li>Jestem ma\u0142ym czarodziejem<\/li>\n\n\n\n<li>Laboratorium \u015bwiec<\/li>\n\n\n\n<li>Balonowy sza\u0142<\/li>\n\n\n\n<li>Chemiczne s\u0142odko\u015bci<\/li>\n<\/ul>\n<\/div>\n<\/div>\n\n\n\n<div class=\"wp-block-columns is-layout-flex wp-container-core-columns-is-layout-28f84493 wp-block-columns-is-layout-flex\">\n<div class=\"wp-block-column has-global-padding is-layout-constrained wp-block-column-is-layout-constrained\" style=\"flex-basis:25%\"><\/div>\n\n\n\n<div class=\"wp-block-column is-layout-flow wp-block-column-is-layout-flow\" style=\"border-width:1px;border-radius:14px;padding-top:var(--wp--preset--spacing--20);padding-right:var(--wp--preset--spacing--20);padding-bottom:var(--wp--preset--spacing--20);padding-left:var(--wp--preset--spacing--20);flex-basis:50%\">\n<p class=\"has-text-align-center\"><strong>Akademia 3:<\/strong><\/p>\n\n\n\n<ul class=\"wp-block-list\">\n<li>Akademia Pana kleksa<\/li>\n\n\n\n<li>Tajemniczy kosmos<\/li>\n\n\n\n<li>Ulepimy dzi\u015b ba\u0142wana<\/li>\n\n\n\n<li>\u015awi\u0105teczne malowanie bombek<\/li>\n\n\n\n<li>Pi\u0119kne czekoladowe praliny<br><\/li>\n<\/ul>\n<\/div>\n\n\n\n<div class=\"wp-block-column is-layout-flow wp-block-column-is-layout-flow\" style=\"flex-basis:25%\"><\/div>\n<\/div>\n<\/div>\n\n\n\n<div class=\"wp-block-column is-layout-flow wp-block-column-is-layout-flow\" style=\"flex-basis:33.33%\">\n<figure class=\"wp-block-image size-full\"><img fetchpriority=\"high\" decoding=\"async\" width=\"689\" height=\"1024\" src=\"https:\/\/sciencelab.radom.pl\/wp-content\/uploads\/2024\/09\/328521927_712893527085040_7570431624928786946_n.jpg\" alt=\"\" class=\"wp-image-544\" srcset=\"https:\/\/sciencelab.radom.pl\/wp-content\/uploads\/2024\/09\/328521927_712893527085040_7570431624928786946_n.jpg 689w, https:\/\/sciencelab.radom.pl\/wp-content\/uploads\/2024\/09\/328521927_712893527085040_7570431624928786946_n-202x300.jpg 202w\" sizes=\"(max-width: 689px) 100vw, 689px\" \/><\/figure>\n<\/div>\n<\/div>\n\n\n\n<div style=\"height:53px\" aria-hidden=\"true\" class=\"wp-block-spacer\"><\/div>\n\n\n\n<div class=\"wp-block-group popular-courses has-global-padding is-layout-constrained wp-container-core-group-is-layout-4f9f0532 wp-block-group-is-layout-constrained\">\n<div class=\"wp-block-columns popular-course-upper is-layout-flex wp-container-core-columns-is-layout-28f84493 wp-block-columns-is-layout-flex\">\n<div class=\"wp-block-column is-layout-flow wp-block-column-is-layout-flow\">\n<div class=\"wp-block-group popular-course-box wow zoomIn has-border-color is-layout-flow wp-block-group-is-layout-flow\" style=\"border-color:#eceff1;border-width:1px;padding-top:var(--wp--preset--spacing--20);padding-right:0;padding-bottom:0;padding-left:0\">\n<div class=\"wp-block-group is-layout-flow wp-block-group-is-layout-flow\" style=\"padding-right:var(--wp--preset--spacing--20);padding-left:var(--wp--preset--spacing--20)\">\n<figure class=\"wp-block-image size-full\"><img decoding=\"async\" width=\"811\" height=\"777\" src=\"https:\/\/sciencelab.radom.pl\/wp-content\/uploads\/2024\/08\/mobilabprzedsz_1.png\" alt=\"\" class=\"wp-image-91\" style=\"aspect-ratio:1;object-fit:cover\" srcset=\"https:\/\/sciencelab.radom.pl\/wp-content\/uploads\/2024\/08\/mobilabprzedsz_1.png 811w, https:\/\/sciencelab.radom.pl\/wp-content\/uploads\/2024\/08\/mobilabprzedsz_1-300x287.png 300w, https:\/\/sciencelab.radom.pl\/wp-content\/uploads\/2024\/08\/mobilabprzedsz_1-768x736.png 768w\" sizes=\"(max-width: 811px) 100vw, 811px\" \/><\/figure>\n\n\n\n<h5 class=\"wp-block-heading has-text-align-center has-roboto-slab-font-family\"><strong>BARWNY \u015aWIAT NAUKI &#8211; JAK ZOSTA\u0106 NAUKOWCEM<\/strong><\/h5>\n\n\n\n<p class=\"has-text-align-left\" style=\"margin-top:var(--wp--preset--spacing--30);margin-right:0;margin-bottom:0;margin-left:0\"><br><br><br>Zaj\u0119cia przenosz\u0105 w ciekawy \u015bwiat eksperyment\u00f3w, ucz\u0105 pracy ze sprz\u0119tem laboratoryjnym. Dzieci przygotuj\u0105 tajemnicze,<br>kolorowe mikstury kszta\u0142tuj\u0105c sensoryk\u0119, koordynacj\u0119 ruchow\u0105 i manualn\u0105. Wykonaj\u0105<br>barwne do\u015bwiadczenia odkrywaj\u0105c tajemnic\u0119 barw.<br><br><br><br><\/p>\n<\/div>\n<\/div>\n<\/div>\n\n\n\n<div class=\"wp-block-column is-layout-flow wp-block-column-is-layout-flow\">\n<div class=\"wp-block-group popular-course-box wow zoomIn has-border-color is-layout-flow wp-block-group-is-layout-flow\" style=\"border-color:#eceff1;border-width:1px;padding-top:var(--wp--preset--spacing--20);padding-right:0;padding-bottom:0;padding-left:0\">\n<div class=\"wp-block-group is-layout-flow wp-block-group-is-layout-flow\" style=\"padding-right:var(--wp--preset--spacing--20);padding-left:var(--wp--preset--spacing--20)\">\n<figure class=\"wp-block-image size-full\"><img decoding=\"async\" width=\"792\" height=\"690\" src=\"https:\/\/sciencelab.radom.pl\/wp-content\/uploads\/2024\/09\/3a.jpg\" alt=\"\" class=\"wp-image-519\" style=\"aspect-ratio:1;object-fit:cover\" srcset=\"https:\/\/sciencelab.radom.pl\/wp-content\/uploads\/2024\/09\/3a.jpg 792w, https:\/\/sciencelab.radom.pl\/wp-content\/uploads\/2024\/09\/3a-300x261.jpg 300w, https:\/\/sciencelab.radom.pl\/wp-content\/uploads\/2024\/09\/3a-768x669.jpg 768w\" sizes=\"(max-width: 792px) 100vw, 792px\" \/><\/figure>\n\n\n\n<h5 class=\"wp-block-heading has-text-align-center has-roboto-slab-font-family\"><strong>LABORATORIUM KOSMETYCZNE<\/strong><\/h5>\n\n\n\n<p class=\"has-text-align-left\" style=\"margin-top:var(--wp--preset--spacing--30);margin-right:0;margin-bottom:0;margin-left:0\"><br><br><br><br>Manufaktura kosmetyk\u00f3w naturalnych. Podczas<br>warsztat\u00f3w dzieci samodzielnie wykonaj\u0105 naturalne kosmetyki, kt\u00f3re pi\u0119knie zapakuj\u0105<br>na prezent.<br><br><br><br><br><br><br><br><\/p>\n<\/div>\n<\/div>\n<\/div>\n\n\n\n<div class=\"wp-block-column is-layout-flow wp-block-column-is-layout-flow\">\n<div class=\"wp-block-group popular-course-box wow zoomIn has-border-color is-layout-flow wp-block-group-is-layout-flow\" style=\"border-color:#eceff1;border-width:1px;padding-top:var(--wp--preset--spacing--20);padding-right:0;padding-bottom:0;padding-left:0\">\n<div class=\"wp-block-group is-layout-flow wp-block-group-is-layout-flow\" style=\"padding-right:var(--wp--preset--spacing--20);padding-left:var(--wp--preset--spacing--20)\">\n<figure class=\"wp-block-image size-full\"><img loading=\"lazy\" decoding=\"async\" width=\"421\" height=\"563\" src=\"https:\/\/sciencelab.radom.pl\/wp-content\/uploads\/2024\/09\/urodziny.jpg\" alt=\"\" class=\"wp-image-607\" style=\"aspect-ratio:1;object-fit:cover\" srcset=\"https:\/\/sciencelab.radom.pl\/wp-content\/uploads\/2024\/09\/urodziny.jpg 421w, https:\/\/sciencelab.radom.pl\/wp-content\/uploads\/2024\/09\/urodziny-224x300.jpg 224w\" sizes=\"(max-width: 421px) 100vw, 421px\" \/><\/figure>\n\n\n\n<h5 class=\"wp-block-heading has-text-align-center has-roboto-slab-font-family\"><strong>SPACER W CHMURACH &#8211; MAGICZNE SHOW Z SUCHYM LODEM LUB CIEK\u0141YM AZOTEM<\/strong><\/h5>\n\n\n\n<p class=\"has-text-align-left\" style=\"margin-top:var(--wp--preset--spacing--30);margin-right:0;margin-bottom:0;margin-left:0\">Zaj\u0119cia przenosz\u0105 w zaczarowany \u015bwiat nauki, w kt\u00f3rym dzieci za pomoc\u0105 ciekawych do\u015bwiadcze\u0144 poznaj\u0105 fascynuj\u0105ce w\u0142a\u015bciwo\u015bci suchego lodu lub ciek\u0142ego azotu.<br>Powstan\u0105 ba\u0144ki inne ni\u017c wszystkie, zabawimy si\u0119 w stra\u017cak\u00f3w,  odkryjemy tajemnic\u0119<br>samopompuj\u0105cych si\u0119 balon\u00f3w, a na koniec efekt WOW.<br><\/p>\n<\/div>\n<\/div>\n<\/div>\n<\/div>\n\n\n\n<div class=\"wp-block-columns popular-course-upper is-layout-flex wp-container-core-columns-is-layout-28f84493 wp-block-columns-is-layout-flex\">\n<div class=\"wp-block-column is-layout-flow wp-block-column-is-layout-flow\">\n<div class=\"wp-block-group popular-course-box wow zoomIn has-border-color is-layout-flow wp-block-group-is-layout-flow\" style=\"border-color:#eceff1;border-width:1px;padding-top:var(--wp--preset--spacing--20);padding-right:0;padding-bottom:0;padding-left:0\">\n<div class=\"wp-block-group is-layout-flow wp-block-group-is-layout-flow\" style=\"padding-right:var(--wp--preset--spacing--20);padding-left:var(--wp--preset--spacing--20)\">\n<figure class=\"wp-block-image size-full\"><img loading=\"lazy\" decoding=\"async\" width=\"1024\" height=\"768\" src=\"https:\/\/sciencelab.radom.pl\/wp-content\/uploads\/2024\/09\/327554819_528552986032932_1997708755698257519_n-1.jpg\" alt=\"\" class=\"wp-image-577\" style=\"aspect-ratio:1;object-fit:cover\" srcset=\"https:\/\/sciencelab.radom.pl\/wp-content\/uploads\/2024\/09\/327554819_528552986032932_1997708755698257519_n-1.jpg 1024w, https:\/\/sciencelab.radom.pl\/wp-content\/uploads\/2024\/09\/327554819_528552986032932_1997708755698257519_n-1-300x225.jpg 300w, https:\/\/sciencelab.radom.pl\/wp-content\/uploads\/2024\/09\/327554819_528552986032932_1997708755698257519_n-1-768x576.jpg 768w\" sizes=\"(max-width: 1024px) 100vw, 1024px\" \/><\/figure>\n\n\n\n<h5 class=\"wp-block-heading has-text-align-center has-roboto-slab-font-family\"><strong>KUCHNIA MOLEKULARNA<\/strong><\/h5>\n\n\n\n<p class=\"has-text-align-left\" style=\"margin-top:var(--wp--preset--spacing--30);margin-right:0;margin-bottom:0;margin-left:0\"><br><br><\/p>\n\n\n\n<p><\/p>\n\n\n\n<p><\/p>\n\n\n\n<p class=\"has-text-align-left\" style=\"margin-top:var(--wp--preset--spacing--30);margin-right:0;margin-bottom:0;margin-left:0\">Warsztaty przenosz\u0105 dzieci w \u015bwiat nowoczesnej, wr\u0119cz bajkowej kuchni pe\u0142nej kolor\u00f3w i smak\u00f3w. Przyrz\u0105dzimy smakowite (i zdrowe!) przek\u0105ski zaskakuj\u0105ce form\u0105 i smakiem. Raczy\u0107 si\u0119 b\u0119dziemy kawiorem owocowym, i najszybszymi lodami \u015bwiata. A wszystko to sporz\u0105dzone jedynie<br>z naturalnych sk\u0142adnik\u00f3w.<br><\/p>\n<\/div>\n<\/div>\n<\/div>\n\n\n\n<div class=\"wp-block-column is-layout-flow wp-block-column-is-layout-flow\">\n<div class=\"wp-block-group popular-course-box wow zoomIn has-border-color is-layout-flow wp-block-group-is-layout-flow\" style=\"border-color:#eceff1;border-width:1px;padding-top:var(--wp--preset--spacing--20);padding-right:0;padding-bottom:0;padding-left:0\">\n<div class=\"wp-block-group is-layout-flow wp-block-group-is-layout-flow\" style=\"padding-right:var(--wp--preset--spacing--20);padding-left:var(--wp--preset--spacing--20)\">\n<figure class=\"wp-block-image size-full\"><img loading=\"lazy\" decoding=\"async\" width=\"627\" height=\"858\" src=\"https:\/\/sciencelab.radom.pl\/wp-content\/uploads\/2024\/09\/czarodziejka.jpg\" alt=\"\" class=\"wp-image-622\" style=\"aspect-ratio:1;object-fit:cover\" srcset=\"https:\/\/sciencelab.radom.pl\/wp-content\/uploads\/2024\/09\/czarodziejka.jpg 627w, https:\/\/sciencelab.radom.pl\/wp-content\/uploads\/2024\/09\/czarodziejka-219x300.jpg 219w\" sizes=\"(max-width: 627px) 100vw, 627px\" \/><\/figure>\n\n\n\n<h5 class=\"wp-block-heading has-text-align-center has-roboto-slab-font-family\"><strong>FIZYCZNE ZAGADKI \u015aWIATA \u2013 MAGNETYZM, CZYLI WIELKIE PRZYCI\u0104GANIE&nbsp;<\/strong><\/h5>\n\n\n\n<p class=\"has-text-align-left\" style=\"margin-top:var(--wp--preset--spacing--30);margin-right:0;margin-bottom:0;margin-left:0\"><br>Poka\u017cemy to, czego nie wida\u0107. Zobaczymy pole magnetyczne Ziemi, zbadamy, \u017ce istnieje Wielkie<br>przyci\u0105ganie. Na warsztatach tajemniczy magnetyzm wci\u0105gnie dzieci w wir zabaw takich jak, p\u0142ywaj\u0105ce magnesy, magnetyczne auta, fascynuj\u0105cy \u015bwiat labiryntu, a nawet zabawimy si\u0119 we fryzjera.<br><\/p>\n<\/div>\n<\/div>\n<\/div>\n\n\n\n<div class=\"wp-block-column is-layout-flow wp-block-column-is-layout-flow\"><\/div>\n<\/div>\n\n\n\n<p><em><span style=\"text-decoration: underline;\"><strong>*Program warsztat\u00f3w dostosowany do wieku dzieci.<\/strong><\/span><\/em><\/p>\n\n\n\n<div style=\"height:41px\" aria-hidden=\"true\" class=\"wp-block-spacer\"><\/div>\n\n\n\n<p>Cennik warsztat\u00f3w Akademii ScienceLab Przedszkolaka:<\/p>\n\n\n\n<p>Roczny koszt akademii od dziecka \u2013  <strong>150z\u0142\/ 5 warsztat\u00f3w<\/strong><\/p>\n\n\n\n<p class=\"has-text-align-center\"><br><strong><span style=\"text-decoration: underline;\">Ka\u017cdy uczestnik otrzymuje pami\u0105tkowy dyplom uko\u0144czenia Akademii.<\/span><\/strong><\/p>\n<\/div>\n","protected":false},"excerpt":{"rendered":"<p>Akademia ScienceLab Przedszkolaka to roczny cykl warsztat\u00f3w skierowany do przedszkoli, kt\u00f3re zostan\u0105 obj\u0119te innowacyjnym programem Akademii ScienceLab. Proponujemy cykl 5 zaj\u0119\u0107 w odst\u0119pach dwumiesi\u0119cznych.\u00a0 Akademia 1, 2, 3. Akademia 1: Akademia 2: Akademia 3: BARWNY \u015aWIAT NAUKI &#8211; JAK ZOSTA\u0106 NAUKOWCEM Zaj\u0119cia przenosz\u0105 w ciekawy \u015bwiat eksperyment\u00f3w, ucz\u0105 pracy ze sprz\u0119tem laboratoryjnym. Dzieci przygotuj\u0105 tajemnicze,kolorowe [&hellip;]<\/p>\n","protected":false},"author":1,"featured_media":0,"parent":0,"menu_order":0,"comment_status":"closed","ping_status":"closed","template":"","meta":{"footnotes":""},"class_list":["post-154","page","type-page","status-publish","hentry"],"yoast_head":"<!-- This site is optimized with the Yoast SEO plugin v23.3 - https:\/\/yoast.com\/wordpress\/plugins\/seo\/ -->\n<title>Oferta: Akademia ScienceLab - ScienceLab<\/title>\n<meta name=\"robots\" content=\"index, follow, max-snippet:-1, max-image-preview:large, max-video-preview:-1\" \/>\n<link rel=\"canonical\" href=\"https:\/\/sciencelab.radom.pl\/?page_id=154\" \/>\n<meta property=\"og:locale\" content=\"pl_PL\" \/>\n<meta property=\"og:type\" content=\"article\" \/>\n<meta property=\"og:title\" content=\"Oferta: Akademia ScienceLab - ScienceLab\" \/>\n<meta property=\"og:description\" content=\"Akademia ScienceLab Przedszkolaka to roczny cykl warsztat\u00f3w skierowany do przedszkoli, kt\u00f3re zostan\u0105 obj\u0119te innowacyjnym programem Akademii ScienceLab. Proponujemy cykl 5 zaj\u0119\u0107 w odst\u0119pach dwumiesi\u0119cznych.\u00a0 Akademia 1, 2, 3. Akademia 1: Akademia 2: Akademia 3: BARWNY \u015aWIAT NAUKI &#8211; JAK ZOSTA\u0106 NAUKOWCEM Zaj\u0119cia przenosz\u0105 w ciekawy \u015bwiat eksperyment\u00f3w, ucz\u0105 pracy ze sprz\u0119tem laboratoryjnym. Dzieci przygotuj\u0105 tajemnicze,kolorowe [&hellip;]\" \/>\n<meta property=\"og:url\" content=\"https:\/\/sciencelab.radom.pl\/?page_id=154\" \/>\n<meta property=\"og:site_name\" content=\"ScienceLab\" \/>\n<meta property=\"article:publisher\" content=\"https:\/\/www.facebook.com\/profile.php?id=100063654876117\" \/>\n<meta property=\"article:modified_time\" content=\"2025-09-10T00:05:28+00:00\" \/>\n<meta property=\"og:image\" content=\"http:\/\/sciencelab.radom.pl\/wp-content\/uploads\/2024\/09\/328521927_712893527085040_7570431624928786946_n.jpg\" \/>\n<meta name=\"twitter:card\" content=\"summary_large_image\" \/>\n<meta name=\"twitter:label1\" content=\"Szacowany czas czytania\" \/>\n\t<meta name=\"twitter:data1\" content=\"3 minuty\" \/>\n<script type=\"application\/ld+json\" class=\"yoast-schema-graph\">{\"@context\":\"https:\/\/schema.org\",\"@graph\":[{\"@type\":\"WebPage\",\"@id\":\"https:\/\/sciencelab.radom.pl\/?page_id=154\",\"url\":\"https:\/\/sciencelab.radom.pl\/?page_id=154\",\"name\":\"Oferta: Akademia ScienceLab - ScienceLab\",\"isPartOf\":{\"@id\":\"https:\/\/sciencelab.radom.pl\/#website\"},\"primaryImageOfPage\":{\"@id\":\"https:\/\/sciencelab.radom.pl\/?page_id=154#primaryimage\"},\"image\":{\"@id\":\"https:\/\/sciencelab.radom.pl\/?page_id=154#primaryimage\"},\"thumbnailUrl\":\"http:\/\/sciencelab.radom.pl\/wp-content\/uploads\/2024\/09\/328521927_712893527085040_7570431624928786946_n.jpg\",\"datePublished\":\"2024-09-02T11:09:05+00:00\",\"dateModified\":\"2025-09-10T00:05:28+00:00\",\"breadcrumb\":{\"@id\":\"https:\/\/sciencelab.radom.pl\/?page_id=154#breadcrumb\"},\"inLanguage\":\"pl-PL\",\"potentialAction\":[{\"@type\":\"ReadAction\",\"target\":[\"https:\/\/sciencelab.radom.pl\/?page_id=154\"]}]},{\"@type\":\"ImageObject\",\"inLanguage\":\"pl-PL\",\"@id\":\"https:\/\/sciencelab.radom.pl\/?page_id=154#primaryimage\",\"url\":\"http:\/\/sciencelab.radom.pl\/wp-content\/uploads\/2024\/09\/328521927_712893527085040_7570431624928786946_n.jpg\",\"contentUrl\":\"http:\/\/sciencelab.radom.pl\/wp-content\/uploads\/2024\/09\/328521927_712893527085040_7570431624928786946_n.jpg\"},{\"@type\":\"BreadcrumbList\",\"@id\":\"https:\/\/sciencelab.radom.pl\/?page_id=154#breadcrumb\",\"itemListElement\":[{\"@type\":\"ListItem\",\"position\":1,\"name\":\"Home\",\"item\":\"https:\/\/sciencelab.radom.pl\/\"},{\"@type\":\"ListItem\",\"position\":2,\"name\":\"Oferta: Akademia ScienceLab\"}]},{\"@type\":\"WebSite\",\"@id\":\"https:\/\/sciencelab.radom.pl\/#website\",\"url\":\"https:\/\/sciencelab.radom.pl\/\",\"name\":\"ScienceLab\",\"description\":\"Centrum Edukacyjne\",\"publisher\":{\"@id\":\"https:\/\/sciencelab.radom.pl\/#organization\"},\"alternateName\":\"ScienceLab - Centrum Edukacyjne Aneta Kie\u0142basa\",\"potentialAction\":[{\"@type\":\"SearchAction\",\"target\":{\"@type\":\"EntryPoint\",\"urlTemplate\":\"https:\/\/sciencelab.radom.pl\/?s={search_term_string}\"},\"query-input\":\"required name=search_term_string\"}],\"inLanguage\":\"pl-PL\"},{\"@type\":\"Organization\",\"@id\":\"https:\/\/sciencelab.radom.pl\/#organization\",\"name\":\"ScienceLab\",\"url\":\"https:\/\/sciencelab.radom.pl\/\",\"logo\":{\"@type\":\"ImageObject\",\"inLanguage\":\"pl-PL\",\"@id\":\"https:\/\/sciencelab.radom.pl\/#\/schema\/logo\/image\/\",\"url\":\"https:\/\/sciencelab.radom.pl\/wp-content\/uploads\/2024\/08\/cropped-sciencelab_logo-\u2014-kopia-2.png\",\"contentUrl\":\"https:\/\/sciencelab.radom.pl\/wp-content\/uploads\/2024\/08\/cropped-sciencelab_logo-\u2014-kopia-2.png\",\"width\":240,\"height\":398,\"caption\":\"ScienceLab\"},\"image\":{\"@id\":\"https:\/\/sciencelab.radom.pl\/#\/schema\/logo\/image\/\"},\"sameAs\":[\"https:\/\/www.facebook.com\/profile.php?id=100063654876117\",\"https:\/\/www.instagram.com\/sciencelab.radom\/\"]}]}<\/script>\n<!-- \/ Yoast SEO plugin. -->","yoast_head_json":{"title":"Oferta: Akademia ScienceLab - ScienceLab","robots":{"index":"index","follow":"follow","max-snippet":"max-snippet:-1","max-image-preview":"max-image-preview:large","max-video-preview":"max-video-preview:-1"},"canonical":"https:\/\/sciencelab.radom.pl\/?page_id=154","og_locale":"pl_PL","og_type":"article","og_title":"Oferta: Akademia ScienceLab - ScienceLab","og_description":"Akademia ScienceLab Przedszkolaka to roczny cykl warsztat\u00f3w skierowany do przedszkoli, kt\u00f3re zostan\u0105 obj\u0119te innowacyjnym programem Akademii ScienceLab. Proponujemy cykl 5 zaj\u0119\u0107 w odst\u0119pach dwumiesi\u0119cznych.\u00a0 Akademia 1, 2, 3. Akademia 1: Akademia 2: Akademia 3: BARWNY \u015aWIAT NAUKI &#8211; JAK ZOSTA\u0106 NAUKOWCEM Zaj\u0119cia przenosz\u0105 w ciekawy \u015bwiat eksperyment\u00f3w, ucz\u0105 pracy ze sprz\u0119tem laboratoryjnym. Dzieci przygotuj\u0105 tajemnicze,kolorowe [&hellip;]","og_url":"https:\/\/sciencelab.radom.pl\/?page_id=154","og_site_name":"ScienceLab","article_publisher":"https:\/\/www.facebook.com\/profile.php?id=100063654876117","article_modified_time":"2025-09-10T00:05:28+00:00","og_image":[{"url":"http:\/\/sciencelab.radom.pl\/wp-content\/uploads\/2024\/09\/328521927_712893527085040_7570431624928786946_n.jpg"}],"twitter_card":"summary_large_image","twitter_misc":{"Szacowany czas czytania":"3 minuty"},"schema":{"@context":"https:\/\/schema.org","@graph":[{"@type":"WebPage","@id":"https:\/\/sciencelab.radom.pl\/?page_id=154","url":"https:\/\/sciencelab.radom.pl\/?page_id=154","name":"Oferta: Akademia ScienceLab - ScienceLab","isPartOf":{"@id":"https:\/\/sciencelab.radom.pl\/#website"},"primaryImageOfPage":{"@id":"https:\/\/sciencelab.radom.pl\/?page_id=154#primaryimage"},"image":{"@id":"https:\/\/sciencelab.radom.pl\/?page_id=154#primaryimage"},"thumbnailUrl":"http:\/\/sciencelab.radom.pl\/wp-content\/uploads\/2024\/09\/328521927_712893527085040_7570431624928786946_n.jpg","datePublished":"2024-09-02T11:09:05+00:00","dateModified":"2025-09-10T00:05:28+00:00","breadcrumb":{"@id":"https:\/\/sciencelab.radom.pl\/?page_id=154#breadcrumb"},"inLanguage":"pl-PL","potentialAction":[{"@type":"ReadAction","target":["https:\/\/sciencelab.radom.pl\/?page_id=154"]}]},{"@type":"ImageObject","inLanguage":"pl-PL","@id":"https:\/\/sciencelab.radom.pl\/?page_id=154#primaryimage","url":"http:\/\/sciencelab.radom.pl\/wp-content\/uploads\/2024\/09\/328521927_712893527085040_7570431624928786946_n.jpg","contentUrl":"http:\/\/sciencelab.radom.pl\/wp-content\/uploads\/2024\/09\/328521927_712893527085040_7570431624928786946_n.jpg"},{"@type":"BreadcrumbList","@id":"https:\/\/sciencelab.radom.pl\/?page_id=154#breadcrumb","itemListElement":[{"@type":"ListItem","position":1,"name":"Home","item":"https:\/\/sciencelab.radom.pl\/"},{"@type":"ListItem","position":2,"name":"Oferta: Akademia ScienceLab"}]},{"@type":"WebSite","@id":"https:\/\/sciencelab.radom.pl\/#website","url":"https:\/\/sciencelab.radom.pl\/","name":"ScienceLab","description":"Centrum Edukacyjne","publisher":{"@id":"https:\/\/sciencelab.radom.pl\/#organization"},"alternateName":"ScienceLab - Centrum Edukacyjne Aneta Kie\u0142basa","potentialAction":[{"@type":"SearchAction","target":{"@type":"EntryPoint","urlTemplate":"https:\/\/sciencelab.radom.pl\/?s={search_term_string}"},"query-input":"required name=search_term_string"}],"inLanguage":"pl-PL"},{"@type":"Organization","@id":"https:\/\/sciencelab.radom.pl\/#organization","name":"ScienceLab","url":"https:\/\/sciencelab.radom.pl\/","logo":{"@type":"ImageObject","inLanguage":"pl-PL","@id":"https:\/\/sciencelab.radom.pl\/#\/schema\/logo\/image\/","url":"https:\/\/sciencelab.radom.pl\/wp-content\/uploads\/2024\/08\/cropped-sciencelab_logo-\u2014-kopia-2.png","contentUrl":"https:\/\/sciencelab.radom.pl\/wp-content\/uploads\/2024\/08\/cropped-sciencelab_logo-\u2014-kopia-2.png","width":240,"height":398,"caption":"ScienceLab"},"image":{"@id":"https:\/\/sciencelab.radom.pl\/#\/schema\/logo\/image\/"},"sameAs":["https:\/\/www.facebook.com\/profile.php?id=100063654876117","https:\/\/www.instagram.com\/sciencelab.radom\/"]}]}},"_links":{"self":[{"href":"https:\/\/sciencelab.radom.pl\/index.php?rest_route=\/wp\/v2\/pages\/154","targetHints":{"allow":["GET"]}}],"collection":[{"href":"https:\/\/sciencelab.radom.pl\/index.php?rest_route=\/wp\/v2\/pages"}],"about":[{"href":"https:\/\/sciencelab.radom.pl\/index.php?rest_route=\/wp\/v2\/types\/page"}],"author":[{"embeddable":true,"href":"https:\/\/sciencelab.radom.pl\/index.php?rest_route=\/wp\/v2\/users\/1"}],"replies":[{"embeddable":true,"href":"https:\/\/sciencelab.radom.pl\/index.php?rest_route=%2Fwp%2Fv2%2Fcomments&post=154"}],"version-history":[{"count":46,"href":"https:\/\/sciencelab.radom.pl\/index.php?rest_route=\/wp\/v2\/pages\/154\/revisions"}],"predecessor-version":[{"id":831,"href":"https:\/\/sciencelab.radom.pl\/index.php?rest_route=\/wp\/v2\/pages\/154\/revisions\/831"}],"wp:attachment":[{"href":"https:\/\/sciencelab.radom.pl\/index.php?rest_route=%2Fwp%2Fv2%2Fmedia&parent=154"}],"curies":[{"name":"wp","href":"https:\/\/api.w.org\/{rel}","templated":true}]}}